{"id":1420,"date":"2024-04-30T05:31:05","date_gmt":"2024-04-30T05:31:05","guid":{"rendered":"https:\/\/alfridomsa.com\/new\/?page_id=1420"},"modified":"2024-09-23T03:25:15","modified_gmt":"2024-09-23T03:25:15","slug":"quality-and-environment-policy","status":"publish","type":"page","link":"https:\/\/alfridomsa.com\/new\/quality-and-environment-policy\/","title":{"rendered":"Quality and environment policy"},"content":{"rendered":"\t\t<div data-elementor-type=\"wp-page\" data-elementor-id=\"1420\" class=\"elementor elementor-1420\">\n\t\t\t\t<div class=\"elementor-element elementor-element-4fd6594 e-flex e-con-boxed e-con e-parent\" data-id=\"4fd6594\" data-element_type=\"container\" data-e-type=\"container\">\n\t\t\t\t\t<div class=\"e-con-inner\">\n\t\t\t\t<div class=\"elementor-element elementor-element-3283bfa elementor-widget elementor-widget-heading\" data-id=\"3283bfa\" data-element_type=\"widget\" data-e-type=\"widget\" data-widget_type=\"heading.default\">\n\t\t\t\t<div class=\"elementor-widget-container\">\n\t\t\t\t\t<h2 class=\"elementor-heading-title elementor-size-default\"><font style=\"vertical-align: inherit\"><font style=\"vertical-align: inherit\"><font style=\"vertical-align: inherit\"><font style=\"vertical-align: inherit\">POLITICA DE CALIDAD, SEGURIDAD Y MEDIO AMBIENTE. <\/font><\/font><\/font><\/font><\/h2>\t\t\t\t<\/div>\n\t\t\t\t<\/div>\n\t\t\t\t\t<\/div>\n\t\t\t\t<\/div>\n\t\t<div class=\"elementor-element elementor-element-3c9c9b0 e-con-full e-flex e-con e-parent\" data-id=\"3c9c9b0\" data-element_type=\"container\" data-e-type=\"container\">\n\t\t\t\t<div class=\"elementor-element elementor-element-0b62465 elementor-widget elementor-widget-text-editor\" data-id=\"0b62465\" data-element_type=\"widget\" data-e-type=\"widget\" data-widget_type=\"text-editor.default\">\n\t\t\t\t<div class=\"elementor-widget-container\">\n\t\t\t\t\t\t\t\t\t<p><font style=\"vertical-align: inherit;\"><font style=\"vertical-align: inherit;\"><font style=\"vertical-align: inherit;\"><font style=\"vertical-align: inherit;\"><font style=\"vertical-align: inherit;\"><font style=\"vertical-align: inherit;\" class=\"\"><font style=\"vertical-align: inherit;\"><font style=\"vertical-align: inherit;\" class=\"\"><font style=\"vertical-align: inherit;\"><font style=\"vertical-align: inherit;\" class=\"\"><font style=\"vertical-align: inherit;\"><font style=\"vertical-align: inherit;\" class=\"\"><font style=\"vertical-align: inherit;\"><font style=\"vertical-align: inherit;\" class=\"VIpgJd-yAWNEb-VIpgJd-fmcmS-sn54Q\">En Almacenes y Frigor\u00edficos Dominicanos, SA&nbsp;    <\/font><\/font><\/font><\/font><\/font><\/font><\/font><\/font><\/font><\/font><\/font><\/font><font style=\"vertical-align: inherit;\"><font style=\"vertical-align: inherit;\"><font style=\"vertical-align: inherit;\"><font style=\"vertical-align: inherit;\" class=\"\"><font style=\"vertical-align: inherit;\"><font style=\"vertical-align: inherit;\" class=\"\"><font style=\"vertical-align: inherit;\"><font style=\"vertical-align: inherit;\" class=\"\"><font style=\"vertical-align: inherit;\"><font style=\"vertical-align: inherit;\" class=\"\"><font style=\"vertical-align: inherit;\"><font style=\"vertical-align: inherit;\" class=\"VIpgJd-yAWNEb-VIpgJd-fmcmS-sn54Q\">(ALFRIDOMSA), estamos comprometidos a proporcionar&nbsp; <\/font><\/font><\/font><\/font><\/font><\/font><\/font><\/font><\/font><\/font><\/font><\/font><font style=\"vertical-align: inherit;\"><font style=\"vertical-align: inherit;\"><font style=\"vertical-align: inherit;\"><font style=\"vertical-align: inherit;\" class=\"\"><font style=\"vertical-align: inherit;\"><font style=\"vertical-align: inherit;\" class=\"\"><font style=\"vertical-align: inherit;\"><font style=\"vertical-align: inherit;\" class=\"\"><font style=\"vertical-align: inherit;\"><font style=\"vertical-align: inherit;\" class=\"\"><font style=\"vertical-align: inherit;\"><font style=\"vertical-align: inherit;\" class=\"VIpgJd-yAWNEb-VIpgJd-fmcmS-sn54Q\">soluciones integradas de almacenamiento: en c\u00e1maras&nbsp;    <\/font><\/font><\/font><\/font><\/font><\/font><\/font><\/font><\/font><\/font><\/font><\/font><font style=\"vertical-align: inherit;\"><font style=\"vertical-align: inherit;\"><font style=\"vertical-align: inherit;\"><font style=\"vertical-align: inherit;\" class=\"\"><font style=\"vertical-align: inherit;\"><font style=\"vertical-align: inherit;\" class=\"\"><font style=\"vertical-align: inherit;\"><font style=\"vertical-align: inherit;\" class=\"\"><font style=\"vertical-align: inherit;\"><font style=\"vertical-align: inherit;\" class=\"\"><font style=\"vertical-align: inherit;\"><font style=\"vertical-align: inherit;\" class=\"VIpgJd-yAWNEb-VIpgJd-fmcmS-sn54Q\">refrigeradas y almacenes generales, almacenes fiscales,&nbsp;    <\/font><\/font><\/font><\/font><\/font><\/font><\/font><\/font><\/font><\/font><\/font><\/font><font style=\"vertical-align: inherit;\"><font style=\"vertical-align: inherit;\"><font style=\"vertical-align: inherit;\"><font style=\"vertical-align: inherit;\" class=\"\"><font style=\"vertical-align: inherit;\"><font style=\"vertical-align: inherit;\" class=\"\"><font style=\"vertical-align: inherit;\"><font style=\"vertical-align: inherit;\" class=\"\"><font style=\"vertical-align: inherit;\"><font style=\"vertical-align: inherit;\" class=\"\"><font style=\"vertical-align: inherit;\"><font style=\"vertical-align: inherit;\" class=\"VIpgJd-yAWNEb-VIpgJd-fmcmS-sn54Q\">almacenes de: re-exportaci\u00f3n, habilitado, consolidado,&nbsp;    <\/font><\/font><\/font><\/font><\/font><\/font><\/font><\/font><\/font><\/font><\/font><\/font><font style=\"vertical-align: inherit;\"><font style=\"vertical-align: inherit;\"><font style=\"vertical-align: inherit;\"><font style=\"vertical-align: inherit;\" class=\"\"><font style=\"vertical-align: inherit;\"><font style=\"vertical-align: inherit;\" class=\"\"><font style=\"vertical-align: inherit;\"><font style=\"vertical-align: inherit;\" class=\"\"><font style=\"vertical-align: inherit;\"><font style=\"vertical-align: inherit;\" class=\"\"><font style=\"vertical-align: inherit;\"><font style=\"vertical-align: inherit;\" class=\"VIpgJd-yAWNEb-VIpgJd-fmcmS-sn54Q\">transporte, gesti\u00f3n y asesor\u00eda aduanal a empresas nacionales&nbsp;<\/font><\/font><\/font><\/font><\/font><\/font><\/font><\/font><\/font><\/font><\/font><\/font><font style=\"vertical-align: inherit;\"><font style=\"vertical-align: inherit;\"><font style=\"vertical-align: inherit;\"><font style=\"vertical-align: inherit;\" class=\"\"><font style=\"vertical-align: inherit;\"><font style=\"vertical-align: inherit;\" class=\"\"><font style=\"vertical-align: inherit;\"><font style=\"vertical-align: inherit;\" class=\"\"><font style=\"vertical-align: inherit;\"><font style=\"vertical-align: inherit;\" class=\"\"><font style=\"vertical-align: inherit;\"><font style=\"vertical-align: inherit;\" class=\"VIpgJd-yAWNEb-VIpgJd-fmcmS-sn54Q\">e internacionales, as\u00ed como los servicios de operadores&nbsp;    <\/font><\/font><\/font><\/font><\/font><\/font><\/font><\/font><\/font><\/font><\/font><\/font><font style=\"vertical-align: inherit;\"><font style=\"vertical-align: inherit;\"><font style=\"vertical-align: inherit;\"><font style=\"vertical-align: inherit;\" class=\"\"><font style=\"vertical-align: inherit;\"><font style=\"vertical-align: inherit;\" class=\"\"><font style=\"vertical-align: inherit;\"><font style=\"vertical-align: inherit;\" class=\"\"><font style=\"vertical-align: inherit;\"><font style=\"vertical-align: inherit;\" class=\"\"><font style=\"vertical-align: inherit;\"><font style=\"vertical-align: inherit;\" class=\"VIpgJd-yAWNEb-VIpgJd-fmcmS-sn54Q\">log\u00edsticos, con la utilizaci\u00f3n de herramientas tecnol\u00f3gicas&nbsp;    <\/font><\/font><\/font><\/font><\/font><\/font><\/font><\/font><\/font><\/font><\/font><\/font><font style=\"vertical-align: inherit;\"><font style=\"vertical-align: inherit;\"><font style=\"vertical-align: inherit;\"><font style=\"vertical-align: inherit;\" class=\"\"><font style=\"vertical-align: inherit;\"><font style=\"vertical-align: inherit;\" class=\"\"><font style=\"vertical-align: inherit;\"><font style=\"vertical-align: inherit;\" class=\"\"><font style=\"vertical-align: inherit;\"><font style=\"vertical-align: inherit;\" class=\"\"><font style=\"vertical-align: inherit;\"><font style=\"vertical-align: inherit;\" class=\"VIpgJd-yAWNEb-VIpgJd-fmcmS-sn54Q\">innovadoras, que garantizan la seguridad de la informaci\u00f3n&nbsp; <\/font><\/font><\/font><\/font><\/font><\/font><\/font><\/font><\/font><\/font><\/font><\/font><font style=\"vertical-align: inherit;\"><font style=\"vertical-align: inherit;\"><font style=\"vertical-align: inherit;\"><font style=\"vertical-align: inherit;\" class=\"\"><font style=\"vertical-align: inherit;\"><font style=\"vertical-align: inherit;\" class=\"\"><font style=\"vertical-align: inherit;\"><font style=\"vertical-align: inherit;\" class=\"\"><font style=\"vertical-align: inherit;\"><font style=\"vertical-align: inherit;\" class=\"\"><font style=\"vertical-align: inherit;\"><font style=\"vertical-align: inherit;\" class=\"VIpgJd-yAWNEb-VIpgJd-fmcmS-sn54Q\">apoy\u00e1ndonos en los Sistemas de Gesti\u00f3n. <\/font><\/font><\/font><\/font><\/font><\/font><\/font><\/font><\/font><\/font><\/font><\/font><br><font style=\"vertical-align: inherit;\"><font style=\"vertical-align: inherit;\"><font style=\"vertical-align: inherit;\"><font style=\"vertical-align: inherit;\" class=\"\"><font style=\"vertical-align: inherit;\"><font style=\"vertical-align: inherit;\" class=\"\"><br><font style=\"vertical-align: inherit;\"><font style=\"vertical-align: inherit;\" class=\"\"><font style=\"vertical-align: inherit;\"><font style=\"vertical-align: inherit;\" class=\"\"><font style=\"vertical-align: inherit;\"><font style=\"vertical-align: inherit;\" class=\"VIpgJd-yAWNEb-VIpgJd-fmcmS-sn54Q\">Fomentamos una cultura de mejoramiento continuo,&nbsp;    <\/font><\/font><\/font><\/font><\/font><\/font><\/font><\/font><\/font><\/font><\/font><\/font><font style=\"vertical-align: inherit;\"><font style=\"vertical-align: inherit;\"><font style=\"vertical-align: inherit;\"><font style=\"vertical-align: inherit;\" class=\"\"><font style=\"vertical-align: inherit;\"><font style=\"vertical-align: inherit;\" class=\"\"><font style=\"vertical-align: inherit;\"><font style=\"vertical-align: inherit;\" class=\"\"><font style=\"vertical-align: inherit;\"><font style=\"vertical-align: inherit;\" class=\"\"><font style=\"vertical-align: inherit;\"><font style=\"vertical-align: inherit;\" class=\"VIpgJd-yAWNEb-VIpgJd-fmcmS-sn54Q\">aplicando buenas pr\u00e1cticas para prevenir actividades il\u00edcitas y&nbsp;    <\/font><\/font><\/font><\/font><\/font><\/font><\/font><\/font><\/font><\/font><\/font><\/font><font style=\"vertical-align: inherit;\"><font style=\"vertical-align: inherit;\"><font style=\"vertical-align: inherit;\"><font style=\"vertical-align: inherit;\" class=\"\"><font style=\"vertical-align: inherit;\"><font style=\"vertical-align: inherit;\" class=\"\"><font style=\"vertical-align: inherit;\"><font style=\"vertical-align: inherit;\" class=\"\"><font style=\"vertical-align: inherit;\"><font style=\"vertical-align: inherit;\" class=\"\"><font style=\"vertical-align: inherit;\"><font style=\"vertical-align: inherit;\" class=\"VIpgJd-yAWNEb-VIpgJd-fmcmS-sn54Q\">conductas delictivas como soborno, corrupci\u00f3n, terrorismo,&nbsp;    <\/font><\/font><\/font><\/font><\/font><\/font><\/font><\/font><\/font><\/font><\/font><\/font><font style=\"vertical-align: inherit;\"><font style=\"vertical-align: inherit;\"><font style=\"vertical-align: inherit;\"><font style=\"vertical-align: inherit;\" class=\"\"><font style=\"vertical-align: inherit;\"><font style=\"vertical-align: inherit;\" class=\"\"><font style=\"vertical-align: inherit;\"><font style=\"vertical-align: inherit;\" class=\"\"><font style=\"vertical-align: inherit;\"><font style=\"vertical-align: inherit;\" class=\"\"><font style=\"vertical-align: inherit;\"><font style=\"vertical-align: inherit;\" class=\"VIpgJd-yAWNEb-VIpgJd-fmcmS-sn54Q\">narcotr\u00e1fico. Promovemos la prevenci\u00f3n y controles para&nbsp;    <\/font><\/font><\/font><\/font><\/font><\/font><\/font><\/font><\/font><\/font><\/font><\/font><font style=\"vertical-align: inherit;\"><font style=\"vertical-align: inherit;\"><font style=\"vertical-align: inherit;\"><font style=\"vertical-align: inherit;\" class=\"\"><font style=\"vertical-align: inherit;\"><font style=\"vertical-align: inherit;\" class=\"\"><font style=\"vertical-align: inherit;\"><font style=\"vertical-align: inherit;\" class=\"\"><font style=\"vertical-align: inherit;\"><font style=\"vertical-align: inherit;\" class=\"\"><font style=\"vertical-align: inherit;\"><font style=\"vertical-align: inherit;\" class=\"VIpgJd-yAWNEb-VIpgJd-fmcmS-sn54Q\">evitar el abuso laboral, discriminaci\u00f3n, trabajo forzoso,&nbsp;    <\/font><\/font><\/font><\/font><\/font><\/font><\/font><\/font><\/font><\/font><\/font><\/font><font style=\"vertical-align: inherit;\"><font style=\"vertical-align: inherit;\"><font style=\"vertical-align: inherit;\"><font style=\"vertical-align: inherit;\" class=\"\"><font style=\"vertical-align: inherit;\"><font style=\"vertical-align: inherit;\" class=\"\"><font style=\"vertical-align: inherit;\"><font style=\"vertical-align: inherit;\" class=\"\"><font style=\"vertical-align: inherit;\"><font style=\"vertical-align: inherit;\" class=\"\"><font style=\"vertical-align: inherit;\"><font style=\"vertical-align: inherit;\" class=\"VIpgJd-yAWNEb-VIpgJd-fmcmS-sn54Q\">trabajo infantil y otras violaciones a los derechos humanos.&nbsp;    <\/font><\/font><\/font><\/font><\/font><\/font><\/font><\/font><\/font><\/font><\/font><\/font><font style=\"vertical-align: inherit;\"><font style=\"vertical-align: inherit;\"><font style=\"vertical-align: inherit;\"><font style=\"vertical-align: inherit;\" class=\"\"><font style=\"vertical-align: inherit;\"><font style=\"vertical-align: inherit;\" class=\"\"><font style=\"vertical-align: inherit;\"><font style=\"vertical-align: inherit;\" class=\"\"><font style=\"vertical-align: inherit;\"><font style=\"vertical-align: inherit;\" class=\"\"><font style=\"vertical-align: inherit;\"><font style=\"vertical-align: inherit;\" class=\"VIpgJd-yAWNEb-VIpgJd-fmcmS-sn54Q\">As\u00ed como otras acciones penalizadas por las leyes y la \u00e9tica. <\/font><\/font><\/font><\/font><\/font><\/font><\/font><\/font><\/font><\/font><\/font><\/font><br><font style=\"vertical-align: inherit;\"><font style=\"vertical-align: inherit;\"><font style=\"vertical-align: inherit;\"><font style=\"vertical-align: inherit;\" class=\"\"><font style=\"vertical-align: inherit;\"><font style=\"vertical-align: inherit;\" class=\"\"><br><font style=\"vertical-align: inherit;\"><font style=\"vertical-align: inherit;\" class=\"\"><font style=\"vertical-align: inherit;\"><font style=\"vertical-align: inherit;\" class=\"\"><font style=\"vertical-align: inherit;\"><font style=\"vertical-align: inherit;\" class=\"VIpgJd-yAWNEb-VIpgJd-fmcmS-sn54Q\">Velamos por la integridad y seguridad de la mercanc\u00eda,&nbsp;    <\/font><\/font><\/font><\/font><\/font><\/font><\/font><\/font><\/font><\/font><\/font><\/font><font style=\"vertical-align: inherit;\"><font style=\"vertical-align: inherit;\"><font style=\"vertical-align: inherit;\"><font style=\"vertical-align: inherit;\" class=\"\"><font style=\"vertical-align: inherit;\"><font style=\"vertical-align: inherit;\" class=\"\"><font style=\"vertical-align: inherit;\"><font style=\"vertical-align: inherit;\" class=\"\"><font style=\"vertical-align: inherit;\"><font style=\"vertical-align: inherit;\" class=\"\"><font style=\"vertical-align: inherit;\"><font style=\"vertical-align: inherit;\" class=\"VIpgJd-yAWNEb-VIpgJd-fmcmS-sn54Q\">manteniendo sus productos en \u00f3ptimas condiciones,&nbsp;   <\/font><\/font><\/font><\/font><\/font><\/font><\/font><\/font><\/font><\/font><\/font><\/font><font style=\"vertical-align: inherit;\"><font style=\"vertical-align: inherit;\"><font style=\"vertical-align: inherit;\"><font style=\"vertical-align: inherit;\" class=\"\"><font style=\"vertical-align: inherit;\"><font style=\"vertical-align: inherit;\" class=\"\"><font style=\"vertical-align: inherit;\"><font style=\"vertical-align: inherit;\" class=\"\"><font style=\"vertical-align: inherit;\"><font style=\"vertical-align: inherit;\" class=\"\"><font style=\"vertical-align: inherit;\"><font style=\"vertical-align: inherit;\" class=\"VIpgJd-yAWNEb-VIpgJd-fmcmS-sn54Q\">preservando la calidad, protegiendo el medio ambiente,&nbsp;   <\/font><\/font><\/font><\/font><\/font><\/font><\/font><\/font><\/font><\/font><\/font><\/font><font style=\"vertical-align: inherit;\"><font style=\"vertical-align: inherit;\"><font style=\"vertical-align: inherit;\"><font style=\"vertical-align: inherit;\" class=\"\"><font style=\"vertical-align: inherit;\"><font style=\"vertical-align: inherit;\" class=\"\"><font style=\"vertical-align: inherit;\"><font style=\"vertical-align: inherit;\" class=\"\"><font style=\"vertical-align: inherit;\"><font style=\"vertical-align: inherit;\" class=\"\"><font style=\"vertical-align: inherit;\"><font style=\"vertical-align: inherit;\" class=\"VIpgJd-yAWNEb-VIpgJd-fmcmS-sn54Q\">previniendo la contaminaci\u00f3n ambiental y minimizando el&nbsp;   <\/font><\/font><\/font><\/font><\/font><\/font><\/font><\/font><\/font><\/font><\/font><\/font><font style=\"vertical-align: inherit;\"><font style=\"vertical-align: inherit;\"><font style=\"vertical-align: inherit;\"><font style=\"vertical-align: inherit;\" class=\"\"><font style=\"vertical-align: inherit;\"><font style=\"vertical-align: inherit;\" class=\"\"><font style=\"vertical-align: inherit;\"><font style=\"vertical-align: inherit;\" class=\"\"><font style=\"vertical-align: inherit;\"><font style=\"vertical-align: inherit;\" class=\"\"><font style=\"vertical-align: inherit;\"><font style=\"vertical-align: inherit;\" class=\"VIpgJd-yAWNEb-VIpgJd-fmcmS-sn54Q\">impacto ambiental, aplicando mejoras continuas y&nbsp;   <\/font><\/font><\/font><\/font><\/font><\/font><\/font><\/font><\/font><\/font><\/font><\/font><font style=\"vertical-align: inherit;\"><font style=\"vertical-align: inherit;\"><font style=\"vertical-align: inherit;\"><font style=\"vertical-align: inherit;\" class=\"\"><font style=\"vertical-align: inherit;\"><font style=\"vertical-align: inherit;\" class=\"\"><font style=\"vertical-align: inherit;\"><font style=\"vertical-align: inherit;\" class=\"\"><font style=\"vertical-align: inherit;\"><font style=\"vertical-align: inherit;\" class=\"\"><font style=\"vertical-align: inherit;\"><font style=\"vertical-align: inherit;\" class=\"VIpgJd-yAWNEb-VIpgJd-fmcmS-sn54Q\">contribuyendo al desarrollo sostenible del comercio, en cumplimiento de los requisitos legales y aplicables a nuestro&nbsp;   <\/font><\/font><\/font><\/font><\/font><\/font><\/font><\/font><\/font><\/font><font style=\"vertical-align: inherit;\"><font style=\"vertical-align: inherit;\" class=\"\"><font style=\"vertical-align: inherit;\"><font style=\"vertical-align: inherit;\" class=\"\"><font style=\"vertical-align: inherit;\"><font style=\"vertical-align: inherit;\" class=\"\"><font style=\"vertical-align: inherit;\"><font style=\"vertical-align: inherit;\" class=\"\"><font style=\"vertical-align: inherit;\"><font style=\"vertical-align: inherit;\" class=\"VIpgJd-yAWNEb-VIpgJd-fmcmS-sn54Q\">sistema integrado de gesti\u00f3n.<\/font><\/font><\/font><\/font><\/font><\/font><\/font><\/font><\/font><\/font><\/font><\/font><\/font><\/font><\/p>\n<p><font style=\"vertical-align: inherit;\"><font style=\"vertical-align: inherit;\"><font style=\"vertical-align: inherit;\"><font style=\"vertical-align: inherit;\"><font style=\"vertical-align: inherit;\"><font style=\"vertical-align: inherit;\" class=\"\"><font style=\"vertical-align: inherit;\"><font style=\"vertical-align: inherit;\" class=\"\"><font style=\"vertical-align: inherit;\"><font style=\"vertical-align: inherit;\" class=\"\"><font style=\"vertical-align: inherit;\"><font style=\"vertical-align: inherit;\"><font style=\"vertical-align: inherit;\"><font style=\"vertical-align: inherit;\">Aseguramos la satisfacci\u00f3n de todas las partes interesadas,&nbsp;   <\/font><\/font><\/font><\/font><\/font><\/font><\/font><\/font><\/font><\/font><font style=\"vertical-align: inherit;\"><font style=\"vertical-align: inherit;\" class=\"\"><font style=\"vertical-align: inherit;\"><font style=\"vertical-align: inherit;\" class=\"\"><font style=\"vertical-align: inherit;\"><font style=\"vertical-align: inherit;\" class=\"\"><font style=\"vertical-align: inherit;\"><font style=\"vertical-align: inherit;\"><font style=\"vertical-align: inherit;\"><font style=\"vertical-align: inherit;\">trabajando con transparencia, confiabilidad, precios&nbsp;  <\/font><\/font><\/font><\/font><\/font><\/font><\/font><\/font><\/font><\/font><font style=\"vertical-align: inherit;\"><font style=\"vertical-align: inherit;\" class=\"\"><font style=\"vertical-align: inherit;\"><font style=\"vertical-align: inherit;\" class=\"\"><font style=\"vertical-align: inherit;\"><font style=\"vertical-align: inherit;\" class=\"\"><font style=\"vertical-align: inherit;\"><font style=\"vertical-align: inherit;\"><font style=\"vertical-align: inherit;\"><font style=\"vertical-align: inherit;\">competitivos, aplicando acciones tendentes a la continuidad&nbsp; <\/font><\/font><\/font><\/font><\/font><\/font><\/font><\/font><\/font><\/font><font style=\"vertical-align: inherit;\"><font style=\"vertical-align: inherit;\" class=\"\"><font style=\"vertical-align: inherit;\"><font style=\"vertical-align: inherit;\" class=\"\"><font style=\"vertical-align: inherit;\"><font style=\"vertical-align: inherit;\" class=\"\"><font style=\"vertical-align: inherit;\"><font style=\"vertical-align: inherit;\"><font style=\"vertical-align: inherit;\"><font style=\"vertical-align: inherit;\">del negocio, manteniendo y mejorando la biodiversidad.<\/font><\/font><\/font><\/font><\/font><\/font><\/font><\/font><\/font><\/font><br><font style=\"vertical-align: inherit;\"><font style=\"vertical-align: inherit;\" class=\"\"><font style=\"vertical-align: inherit;\"><font style=\"vertical-align: inherit;\" class=\"\"><font style=\"vertical-align: inherit;\"><font style=\"vertical-align: inherit;\" class=\"\"><font style=\"vertical-align: inherit;\"><font style=\"vertical-align: inherit;\"><br><\/font><\/font><\/font><\/font><\/font><\/font><\/font><\/font><\/font><\/font><\/font><\/font><\/p>\n<p><font style=\"vertical-align: inherit;\"><font style=\"vertical-align: inherit;\"><font style=\"vertical-align: inherit;\"><font style=\"vertical-align: inherit;\"><font style=\"vertical-align: inherit;\"><font style=\"vertical-align: inherit;\" class=\"\"><font style=\"vertical-align: inherit;\"><font style=\"vertical-align: inherit;\" class=\"\"><font style=\"vertical-align: inherit;\"><font style=\"vertical-align: inherit;\" class=\"\"><font style=\"vertical-align: inherit;\"><font style=\"vertical-align: inherit;\"><font style=\"vertical-align: inherit;\"><font style=\"vertical-align: inherit;\">Promovemos el desarrollo sostenible de las capacidades y&nbsp;  <\/font><\/font><\/font><\/font><\/font><\/font><\/font><\/font><\/font><\/font><font style=\"vertical-align: inherit;\"><font style=\"vertical-align: inherit;\" class=\"\"><font style=\"vertical-align: inherit;\"><font style=\"vertical-align: inherit;\" class=\"\"><font style=\"vertical-align: inherit;\"><font style=\"vertical-align: inherit;\" class=\"\"><font style=\"vertical-align: inherit;\"><font style=\"vertical-align: inherit;\"><font style=\"vertical-align: inherit;\"><font style=\"vertical-align: inherit;\">habilidades de nuestro personal por medio de programas&nbsp;  <\/font><\/font><\/font><\/font><\/font><\/font><\/font><\/font><\/font><\/font><font style=\"vertical-align: inherit;\"><font style=\"vertical-align: inherit;\" class=\"\"><font style=\"vertical-align: inherit;\"><font style=\"vertical-align: inherit;\" class=\"\"><font style=\"vertical-align: inherit;\"><font style=\"vertical-align: inherit;\" class=\"\"><font style=\"vertical-align: inherit;\"><font style=\"vertical-align: inherit;\"><font style=\"vertical-align: inherit;\"><font style=\"vertical-align: inherit;\">permanentes de capacitaciones.<\/font><\/font><\/font><\/font><\/font><\/font><\/font><\/font><\/font><\/font><\/font><\/font><\/font><\/font><\/p>\t\t\t\t\t\t\t\t<\/div>\n\t\t\t\t<\/div>\n\t\t\t\t<\/div>\n\t\t\t\t<\/div>\n\t\t","protected":false},"excerpt":{"rendered":"<p>POLITICA DE CALIDAD, SEGURIDAD Y MEDIO AMBIENTE. En Almacenes y Frigor\u00edficos Dominicanos, SA&nbsp; (ALFRIDOMSA), estamos comprometidos a proporcionar&nbsp; soluciones integradas de almacenamiento: en c\u00e1maras&nbsp; refrigeradas y almacenes generales, almacenes fiscales,&nbsp; almacenes de: re-exportaci\u00f3n, habilitado, consolidado,&nbsp; transporte, gesti\u00f3n y asesor\u00eda aduanal a empresas nacionales&nbsp;e internacionales, as\u00ed como los servicios de operadores&nbsp; log\u00edsticos, con la utilizaci\u00f3n de [&hellip;]<\/p>\n","protected":false},"author":1,"featured_media":0,"parent":0,"menu_order":0,"comment_status":"closed","ping_status":"closed","template":"","meta":{"_acf_changed":false,"saved_in_kubio":false,"footnotes":""},"class_list":["post-1420","page","type-page","status-publish","hentry"],"acf":[],"kubio_ai_page_context":{"short_desc":"","purpose":"general"},"_links":{"self":[{"href":"https:\/\/alfridomsa.com\/new\/wp-json\/wp\/v2\/pages\/1420","targetHints":{"allow":["GET"]}}],"collection":[{"href":"https:\/\/alfridomsa.com\/new\/wp-json\/wp\/v2\/pages"}],"about":[{"href":"https:\/\/alfridomsa.com\/new\/wp-json\/wp\/v2\/types\/page"}],"author":[{"embeddable":true,"href":"https:\/\/alfridomsa.com\/new\/wp-json\/wp\/v2\/users\/1"}],"replies":[{"embeddable":true,"href":"https:\/\/alfridomsa.com\/new\/wp-json\/wp\/v2\/comments?post=1420"}],"version-history":[{"count":16,"href":"https:\/\/alfridomsa.com\/new\/wp-json\/wp\/v2\/pages\/1420\/revisions"}],"predecessor-version":[{"id":1491,"href":"https:\/\/alfridomsa.com\/new\/wp-json\/wp\/v2\/pages\/1420\/revisions\/1491"}],"wp:attachment":[{"href":"https:\/\/alfridomsa.com\/new\/wp-json\/wp\/v2\/media?parent=1420"}],"curies":[{"name":"wp","href":"https:\/\/api.w.org\/{rel}","templated":true}]}}